{"id":1932,"date":"2019-07-19T15:35:09","date_gmt":"2019-07-19T13:35:09","guid":{"rendered":"https:\/\/samstrasbourg.com\/?page_id=1932"},"modified":"2019-07-19T15:35:09","modified_gmt":"2019-07-19T13:35:09","slug":"mentions-legales","status":"publish","type":"page","link":"https:\/\/samstrasbourg.com\/en\/mentions-legales\/","title":{"rendered":"Mentions L\u00e9gales"},"content":{"rendered":"\r\n\r\nConform\u00e9ment aux dispositions des articles 6-III et 19 de la loi pour la Confiance dans l\u2019\u00e9conomie Num\u00e9rique, nous vous informons que :\r\n\r\nCe site est \u00e9dit\u00e9 par l\u2019association :\r\n\r\nAssociation Science Art Meditation, inscrite au registre des associations du Tribunal d\u2019Instance de Strasbourg volume 95\/ folio n\u00b0231.\r\n\r\n<a href=\"https:\/\/maps.google.com\/?q=23+rue+de+l%E2%80%99Yser+67000+Strasbourg&amp;entry=gmail&amp;source=g\">23 rue de l\u2019Yser 67000 Strasbourg<\/a>\r\n\r\n&nbsp;\r\n\r\nDirecteur de la publication : M. Jean Gerard Bloch\r\n\r\n&nbsp;\r\n\r\n<strong>H\u00e9bergement<\/strong>\r\n\r\nVegas Deluxe Hosting &#8211; 25 quai Zorn\u00a0 &#8211; 67000 \u00a0Strasbourg\r\nCapital : 4 500 Euros\u00a0 &#8211; RCS Strasbourg 500 776 208 000 26\r\n\r\n&nbsp;\r\n\r\n<strong>Propri\u00e9t\u00e9 intellectuelle<\/strong>\r\n\r\nLa structure g\u00e9n\u00e9rale ainsi que les logiciels, textes, images anim\u00e9es ou non, son savoir-faire et tous les autres \u00e9l\u00e9ments composant le site sont la propri\u00e9t\u00e9 exclusive de\u00a0<strong>SAM<\/strong>.\r\n\r\nToute repr\u00e9sentation totale ou partielle de ce site par quelle que personne que ce soit, sans l\u2019autorisation expresse de\u00a0FINAL &#8211; Advanced materials\u00a0est interdite et constituerait une contrefa\u00e7on sanctionn\u00e9e par les articles L. 335-2 et suivants du Code de la propri\u00e9t\u00e9 intellectuelle.\r\n\r\nIl en est de m\u00eame des bases de donn\u00e9es figurant, le cas \u00e9ch\u00e9ant sur le site web qui sont prot\u00e9g\u00e9es par les dispositions de la loi du 1er juillet 1998 portant transposition dans le Code de la propri\u00e9t\u00e9 intellectuelle de la directive du 11 mars 1996 relative \u00e0 la protection juridique des bases de donn\u00e9es, et dont\u00a0<strong>SAM<\/strong>\u00a0est producteur.\r\n\r\nLes marques de\u00a0<strong>SAM<\/strong>\u00a0et de ses partenaires, ainsi que les logos figurant sur le site sont des marques d\u00e9pos\u00e9es.\r\n\r\nToute reproduction totale ou partielle de ces marques ou de ces logos effectu\u00e9s \u00e0 partir des \u00e9l\u00e9ments du site sans l\u2019autorisation expresse de\u00a0<strong>SAM<\/strong>\u00a0est donc prohib\u00e9e au sens du Code de la propri\u00e9t\u00e9 intellectuelle.\r\n\r\n<strong>SAM<\/strong>\u00a0ne saurait \u00eatre responsable de l\u2019acc\u00e8s par les utilisateurs via les liens hypertextes mis en place dans le cadre du site internet en direction d\u2019autres ressources pr\u00e9sentes sur le r\u00e9seau.\r\n\r\nTout litige en relation avec l\u2019utilisation du site \u201c<strong>www.samstrasbourg<\/strong>\u201d est soumis au droit fran\u00e7ais. L\u2019utilisateur reconnait la comp\u00e9tence exclusive des tribunaux comp\u00e9tents de Strasbourg.\r\n\r\n","protected":false},"excerpt":{"rendered":"<p>Conform\u00e9ment aux dispositions des articles 6-III et 19 de la loi pour la Confiance dans l\u2019\u00e9conomie Num\u00e9rique, nous vous informons que : Ce site est \u00e9dit\u00e9 par l\u2019association : Association Science Art Meditation, inscrite au registre des associations du Tribunal d\u2019Instance de Strasbourg volume 95\/&#8230;<\/p>\n","protected":false},"author":2,"featured_media":0,"parent":0,"menu_order":0,"comment_status":"closed","ping_status":"open","template":"","meta":{"_mi_skip_tracking":false,"_exactmetrics_sitenote_active":false,"_exactmetrics_sitenote_note":"","_exactmetrics_sitenote_category":0},"yoast_head":"<!-- This site is optimized with the Yoast SEO plugin v18.4.1 - https:\/\/yoast.com\/wordpress\/plugins\/seo\/ -->\n<title>Mentions L\u00e9gales - SAM Strasbourg - Science Art M\u00e9ditation<\/title>\n<meta name=\"robots\" content=\"index, follow, max-snippet:-1, max-image-preview:large, max-video-preview:-1\" \/>\n<link rel=\"canonical\" href=\"https:\/\/samstrasbourg.com\/en\/mentions-legales\/\" \/>\n<meta property=\"og:locale\" content=\"en_US\" \/>\n<meta property=\"og:type\" content=\"article\" \/>\n<meta property=\"og:title\" content=\"Mentions L\u00e9gales - SAM Strasbourg - Science Art M\u00e9ditation\" \/>\n<meta property=\"og:description\" content=\"Conform\u00e9ment aux dispositions des articles 6-III et 19 de la loi pour la Confiance dans l\u2019\u00e9conomie Num\u00e9rique, nous vous informons que : Ce site est \u00e9dit\u00e9 par l\u2019association : Association Science Art Meditation, inscrite au registre des associations du Tribunal d\u2019Instance de Strasbourg volume 95\/...\" \/>\n<meta property=\"og:url\" content=\"https:\/\/samstrasbourg.com\/en\/mentions-legales\/\" \/>\n<meta property=\"og:site_name\" content=\"SAM Strasbourg - Science Art M\u00e9ditation\" \/>\n<meta name=\"twitter:card\" content=\"summary_large_image\" \/>\n<meta name=\"twitter:label1\" content=\"Est. reading time\" \/>\n\t<meta name=\"twitter:data1\" content=\"2 minutes\" \/>\n<script type=\"application\/ld+json\" class=\"yoast-schema-graph\">{\"@context\":\"https:\/\/schema.org\",\"@graph\":[{\"@type\":\"WebSite\",\"@id\":\"https:\/\/samstrasbourg.com\/en\/#website\",\"url\":\"https:\/\/samstrasbourg.com\/en\/\",\"name\":\"SAM Strasbourg - Science Art M\u00e9ditation\",\"description\":\"Science Art M\u00e9ditation - SAM Strasbourg\",\"potentialAction\":[{\"@type\":\"SearchAction\",\"target\":{\"@type\":\"EntryPoint\",\"urlTemplate\":\"https:\/\/samstrasbourg.com\/en\/?s={search_term_string}\"},\"query-input\":\"required name=search_term_string\"}],\"inLanguage\":\"en-US\"},{\"@type\":\"WebPage\",\"@id\":\"https:\/\/samstrasbourg.com\/en\/mentions-legales\/#webpage\",\"url\":\"https:\/\/samstrasbourg.com\/en\/mentions-legales\/\",\"name\":\"Mentions L\u00e9gales - SAM Strasbourg - Science Art M\u00e9ditation\",\"isPartOf\":{\"@id\":\"https:\/\/samstrasbourg.com\/en\/#website\"},\"datePublished\":\"2019-07-19T13:35:09+00:00\",\"dateModified\":\"2019-07-19T13:35:09+00:00\",\"breadcrumb\":{\"@id\":\"https:\/\/samstrasbourg.com\/en\/mentions-legales\/#breadcrumb\"},\"inLanguage\":\"en-US\",\"potentialAction\":[{\"@type\":\"ReadAction\",\"target\":[\"https:\/\/samstrasbourg.com\/en\/mentions-legales\/\"]}]},{\"@type\":\"BreadcrumbList\",\"@id\":\"https:\/\/samstrasbourg.com\/en\/mentions-legales\/#breadcrumb\",\"itemListElement\":[{\"@type\":\"ListItem\",\"position\":1,\"name\":\"Accueil\",\"item\":\"https:\/\/samstrasbourg.com\/en\/\"},{\"@type\":\"ListItem\",\"position\":2,\"name\":\"Mentions L\u00e9gales\"}]}]}<\/script>\n<!-- \/ Yoast SEO plugin. -->","yoast_head_json":{"title":"Mentions L\u00e9gales - SAM Strasbourg - Science Art M\u00e9ditation","robots":{"index":"index","follow":"follow","max-snippet":"max-snippet:-1","max-image-preview":"max-image-preview:large","max-video-preview":"max-video-preview:-1"},"canonical":"https:\/\/samstrasbourg.com\/en\/mentions-legales\/","og_locale":"en_US","og_type":"article","og_title":"Mentions L\u00e9gales - SAM Strasbourg - Science Art M\u00e9ditation","og_description":"Conform\u00e9ment aux dispositions des articles 6-III et 19 de la loi pour la Confiance dans l\u2019\u00e9conomie Num\u00e9rique, nous vous informons que : Ce site est \u00e9dit\u00e9 par l\u2019association : Association Science Art Meditation, inscrite au registre des associations du Tribunal d\u2019Instance de Strasbourg volume 95\/...","og_url":"https:\/\/samstrasbourg.com\/en\/mentions-legales\/","og_site_name":"SAM Strasbourg - Science Art M\u00e9ditation","twitter_card":"summary_large_image","twitter_misc":{"Est. reading time":"2 minutes"},"schema":{"@context":"https:\/\/schema.org","@graph":[{"@type":"WebSite","@id":"https:\/\/samstrasbourg.com\/en\/#website","url":"https:\/\/samstrasbourg.com\/en\/","name":"SAM Strasbourg - Science Art M\u00e9ditation","description":"Science Art M\u00e9ditation - SAM Strasbourg","potentialAction":[{"@type":"SearchAction","target":{"@type":"EntryPoint","urlTemplate":"https:\/\/samstrasbourg.com\/en\/?s={search_term_string}"},"query-input":"required name=search_term_string"}],"inLanguage":"en-US"},{"@type":"WebPage","@id":"https:\/\/samstrasbourg.com\/en\/mentions-legales\/#webpage","url":"https:\/\/samstrasbourg.com\/en\/mentions-legales\/","name":"Mentions L\u00e9gales - SAM Strasbourg - Science Art M\u00e9ditation","isPartOf":{"@id":"https:\/\/samstrasbourg.com\/en\/#website"},"datePublished":"2019-07-19T13:35:09+00:00","dateModified":"2019-07-19T13:35:09+00:00","breadcrumb":{"@id":"https:\/\/samstrasbourg.com\/en\/mentions-legales\/#breadcrumb"},"inLanguage":"en-US","potentialAction":[{"@type":"ReadAction","target":["https:\/\/samstrasbourg.com\/en\/mentions-legales\/"]}]},{"@type":"BreadcrumbList","@id":"https:\/\/samstrasbourg.com\/en\/mentions-legales\/#breadcrumb","itemListElement":[{"@type":"ListItem","position":1,"name":"Accueil","item":"https:\/\/samstrasbourg.com\/en\/"},{"@type":"ListItem","position":2,"name":"Mentions L\u00e9gales"}]}]}},"_links":{"self":[{"href":"https:\/\/samstrasbourg.com\/en\/wp-json\/wp\/v2\/pages\/1932"}],"collection":[{"href":"https:\/\/samstrasbourg.com\/en\/wp-json\/wp\/v2\/pages"}],"about":[{"href":"https:\/\/samstrasbourg.com\/en\/wp-json\/wp\/v2\/types\/page"}],"author":[{"embeddable":true,"href":"https:\/\/samstrasbourg.com\/en\/wp-json\/wp\/v2\/users\/2"}],"replies":[{"embeddable":true,"href":"https:\/\/samstrasbourg.com\/en\/wp-json\/wp\/v2\/comments?post=1932"}],"version-history":[{"count":1,"href":"https:\/\/samstrasbourg.com\/en\/wp-json\/wp\/v2\/pages\/1932\/revisions"}],"predecessor-version":[{"id":1933,"href":"https:\/\/samstrasbourg.com\/en\/wp-json\/wp\/v2\/pages\/1932\/revisions\/1933"}],"wp:attachment":[{"href":"https:\/\/samstrasbourg.com\/en\/wp-json\/wp\/v2\/media?parent=1932"}],"curies":[{"name":"wp","href":"https:\/\/api.w.org\/{rel}","templated":true}]}}